{"id":218,"date":"2018-07-14T16:17:04","date_gmt":"2018-07-14T22:17:04","guid":{"rendered":"http:\/\/richardjacksongallery.com\/?page_id=218"},"modified":"2018-07-31T11:01:49","modified_gmt":"2018-07-31T17:01:49","slug":"richard-jackson-2","status":"publish","type":"page","link":"http:\/\/richardjacksongallery.com\/index.php\/es\/richard-jackson-2\/","title":{"rendered":"Richard Jackson"},"content":{"rendered":"<div id=\"attachment_183\" style=\"width: 1010px\" class=\"wp-caption aligncenter\"><img aria-describedby=\"caption-attachment-183\" decoding=\"async\" loading=\"lazy\" class=\"wp-image-183\" src=\"http:\/\/richardjacksongallery.com\/wp-content\/uploads\/2018\/07\/IMG_0390-1024x683.jpg\" alt=\"Richard y Caiya, su mascota adoptada y rescatada por Animalandia en Loreto.\" width=\"1000\" height=\"667\" srcset=\"http:\/\/richardjacksongallery.com\/wp-content\/uploads\/2018\/07\/IMG_0390-1024x683.jpg 1024w, http:\/\/richardjacksongallery.com\/wp-content\/uploads\/2018\/07\/IMG_0390-300x200.jpg 300w, http:\/\/richardjacksongallery.com\/wp-content\/uploads\/2018\/07\/IMG_0390-768x512.jpg 768w\" sizes=\"(max-width: 1000px) 100vw, 1000px\" \/><p id=\"caption-attachment-183\" class=\"wp-caption-text\">Richard y Caiya, su mascota adoptada y rescatada por Animalandia en Loreto.<\/p><\/div>\n<p style=\"text-align: justify;\">La carrera de Richard Jackson como fot\u00f3grafo conservacionista lo ha llevado a todos los continentes del mundo durante los \u00faltimos 40 a\u00f1os. Sus im\u00e1genes han aparecido en Audubon, Outdoor California, Sierra Club Books and Posters, International Living, Moon Glides y McGraw Hill Publications. El enfoque principal de Richard fue vender sus im\u00e1genes de edici\u00f3n limitada en exposiciones de arte y galer\u00edas en el oeste de los Estados Unidos. En 2004, mientras fotografiaba la pen\u00ednsula de Baja California, \u00e9l y su esposa Jill pasaron unos d\u00edas en el pueblo pesquero de Loreto y se enamoraron de la ciudad y su gente. Era como llegar a casa a un lugar en el que nunca hab\u00edan estado antes. Richard y Jill, junto con los padres de Jill, compraron una casa y la convirtieron en una peque\u00f1a casa de campo; Las Caba\u00f1as de Loreto. Era el lugar perfecto para continuar una vida como fot\u00f3grafo de naturaleza. Tiene todos sus h\u00e1bitats favoritos: Oc\u00e9ano, Desierto y Monta\u00f1as, todos muy cerca, con mucha vida salvaje diversa. Richard es miembro de la junta asesora de Eco-Alianza y cada a\u00f1o dona sus fotograf\u00edas para el calendario anual y las ganancias de las ventas del calendario patrocinan a ni\u00f1os de Loreto en el programa de educaci\u00f3n ambiental. Es su sincera esperanza que a trav\u00e9s de sus fotograf\u00edas pueda de alguna manera ayudar en la preservaci\u00f3n del \u00e1rea de Loreto para las futuras generaciones.<\/p>\n<h2 style=\"text-align: center;\">AGRADECIMIENTOS ESPECIALES<\/h2>\n<p style=\"text-align: justify;\">Quiero hacer un agradecimiento especial a todos los usuarios de la p\u00e1gina y a todos los que nos han apoyado en el pasado. Por favor \u00e9chale un vistazo a mi galer\u00eda y visualiza una historia pict\u00f3rica de mi experiencia a lo largo de estos 40 a\u00f1os.<\/p>\n<p style=\"text-align: center;\">Gracias<\/p>\n<p style=\"text-align: center;\">Richard Jackson<\/p>\n<p>&nbsp;<\/p>\n","protected":false},"excerpt":{"rendered":"<p>La carrera de Richard Jackson como fot\u00f3grafo conservacionista lo ha llevado a todos los continentes del mundo durante los \u00faltimos 40 a\u00f1os. Sus im\u00e1genes han aparecido en Audubon, Outdoor California, Sierra Club Books and Posters, International Living, Moon Glides y McGraw Hill Publications. El enfoque principal de Richard fue vender sus im\u00e1genes de edici\u00f3n limitada&#8230;<\/p>\n","protected":false},"author":1,"featured_media":0,"parent":0,"menu_order":0,"comment_status":"closed","ping_status":"closed","template":"","meta":[],"yoast_head":"<!-- This site is optimized with the Yoast SEO plugin v19.13 - https:\/\/yoast.com\/wordpress\/plugins\/seo\/ -->\n<title>Richard Jackson - Soul Catching Images<\/title>\n<meta name=\"robots\" content=\"index, follow, max-snippet:-1, max-image-preview:large, max-video-preview:-1\" \/>\n<link rel=\"canonical\" href=\"http:\/\/richardjacksongallery.com\/index.php\/es\/richard-jackson-2\/\" \/>\n<meta property=\"og:locale\" content=\"es_MX\" \/>\n<meta property=\"og:type\" content=\"article\" \/>\n<meta property=\"og:title\" content=\"Richard Jackson - Soul Catching Images\" \/>\n<meta property=\"og:description\" content=\"La carrera de Richard Jackson como fot\u00f3grafo conservacionista lo ha llevado a todos los continentes del mundo durante los \u00faltimos 40 a\u00f1os. Sus im\u00e1genes han aparecido en Audubon, Outdoor California, Sierra Club Books and Posters, International Living, Moon Glides y McGraw Hill Publications. El enfoque principal de Richard fue vender sus im\u00e1genes de edici\u00f3n limitada...\" \/>\n<meta property=\"og:url\" content=\"http:\/\/richardjacksongallery.com\/index.php\/es\/richard-jackson-2\/\" \/>\n<meta property=\"og:site_name\" content=\"Soul Catching Images\" \/>\n<meta property=\"article:modified_time\" content=\"2018-07-31T17:01:49+00:00\" \/>\n<meta property=\"og:image\" content=\"http:\/\/richardjacksongallery.com\/wp-content\/uploads\/2018\/07\/IMG_0390-1024x683.jpg\" \/>\n<meta name=\"twitter:card\" content=\"summary_large_image\" \/>\n<meta name=\"twitter:label1\" content=\"Tiempo de lectura\" \/>\n\t<meta name=\"twitter:data1\" content=\"2 minutos\" \/>\n<script type=\"application\/ld+json\" class=\"yoast-schema-graph\">{\"@context\":\"https:\/\/schema.org\",\"@graph\":[{\"@type\":\"WebPage\",\"@id\":\"http:\/\/richardjacksongallery.com\/index.php\/es\/richard-jackson-2\/\",\"url\":\"http:\/\/richardjacksongallery.com\/index.php\/es\/richard-jackson-2\/\",\"name\":\"Richard Jackson - Soul Catching Images\",\"isPartOf\":{\"@id\":\"http:\/\/richardjacksongallery.com\/#website\"},\"datePublished\":\"2018-07-14T22:17:04+00:00\",\"dateModified\":\"2018-07-31T17:01:49+00:00\",\"breadcrumb\":{\"@id\":\"http:\/\/richardjacksongallery.com\/index.php\/es\/richard-jackson-2\/#breadcrumb\"},\"inLanguage\":\"es-MX\",\"potentialAction\":[{\"@type\":\"ReadAction\",\"target\":[\"http:\/\/richardjacksongallery.com\/index.php\/es\/richard-jackson-2\/\"]}]},{\"@type\":\"BreadcrumbList\",\"@id\":\"http:\/\/richardjacksongallery.com\/index.php\/es\/richard-jackson-2\/#breadcrumb\",\"itemListElement\":[{\"@type\":\"ListItem\",\"position\":1,\"name\":\"Inicio\",\"item\":\"http:\/\/richardjacksongallery.com\/\"},{\"@type\":\"ListItem\",\"position\":2,\"name\":\"Richard Jackson\"}]},{\"@type\":\"WebSite\",\"@id\":\"http:\/\/richardjacksongallery.com\/#website\",\"url\":\"http:\/\/richardjacksongallery.com\/\",\"name\":\"Soul Catching Images\",\"description\":\"\",\"potentialAction\":[{\"@type\":\"SearchAction\",\"target\":{\"@type\":\"EntryPoint\",\"urlTemplate\":\"http:\/\/richardjacksongallery.com\/?s={search_term_string}\"},\"query-input\":\"required name=search_term_string\"}],\"inLanguage\":\"es-MX\"}]}<\/script>\n<!-- \/ Yoast SEO plugin. -->","yoast_head_json":{"title":"Richard Jackson - Soul Catching Images","robots":{"index":"index","follow":"follow","max-snippet":"max-snippet:-1","max-image-preview":"max-image-preview:large","max-video-preview":"max-video-preview:-1"},"canonical":"http:\/\/richardjacksongallery.com\/index.php\/es\/richard-jackson-2\/","og_locale":"es_MX","og_type":"article","og_title":"Richard Jackson - Soul Catching Images","og_description":"La carrera de Richard Jackson como fot\u00f3grafo conservacionista lo ha llevado a todos los continentes del mundo durante los \u00faltimos 40 a\u00f1os. Sus im\u00e1genes han aparecido en Audubon, Outdoor California, Sierra Club Books and Posters, International Living, Moon Glides y McGraw Hill Publications. El enfoque principal de Richard fue vender sus im\u00e1genes de edici\u00f3n limitada...","og_url":"http:\/\/richardjacksongallery.com\/index.php\/es\/richard-jackson-2\/","og_site_name":"Soul Catching Images","article_modified_time":"2018-07-31T17:01:49+00:00","og_image":[{"url":"http:\/\/richardjacksongallery.com\/wp-content\/uploads\/2018\/07\/IMG_0390-1024x683.jpg"}],"twitter_card":"summary_large_image","twitter_misc":{"Tiempo de lectura":"2 minutos"},"schema":{"@context":"https:\/\/schema.org","@graph":[{"@type":"WebPage","@id":"http:\/\/richardjacksongallery.com\/index.php\/es\/richard-jackson-2\/","url":"http:\/\/richardjacksongallery.com\/index.php\/es\/richard-jackson-2\/","name":"Richard Jackson - Soul Catching Images","isPartOf":{"@id":"http:\/\/richardjacksongallery.com\/#website"},"datePublished":"2018-07-14T22:17:04+00:00","dateModified":"2018-07-31T17:01:49+00:00","breadcrumb":{"@id":"http:\/\/richardjacksongallery.com\/index.php\/es\/richard-jackson-2\/#breadcrumb"},"inLanguage":"es-MX","potentialAction":[{"@type":"ReadAction","target":["http:\/\/richardjacksongallery.com\/index.php\/es\/richard-jackson-2\/"]}]},{"@type":"BreadcrumbList","@id":"http:\/\/richardjacksongallery.com\/index.php\/es\/richard-jackson-2\/#breadcrumb","itemListElement":[{"@type":"ListItem","position":1,"name":"Inicio","item":"http:\/\/richardjacksongallery.com\/"},{"@type":"ListItem","position":2,"name":"Richard Jackson"}]},{"@type":"WebSite","@id":"http:\/\/richardjacksongallery.com\/#website","url":"http:\/\/richardjacksongallery.com\/","name":"Soul Catching Images","description":"","potentialAction":[{"@type":"SearchAction","target":{"@type":"EntryPoint","urlTemplate":"http:\/\/richardjacksongallery.com\/?s={search_term_string}"},"query-input":"required name=search_term_string"}],"inLanguage":"es-MX"}]}},"_links":{"self":[{"href":"http:\/\/richardjacksongallery.com\/index.php\/wp-json\/wp\/v2\/pages\/218"}],"collection":[{"href":"http:\/\/richardjacksongallery.com\/index.php\/wp-json\/wp\/v2\/pages"}],"about":[{"href":"http:\/\/richardjacksongallery.com\/index.php\/wp-json\/wp\/v2\/types\/page"}],"author":[{"embeddable":true,"href":"http:\/\/richardjacksongallery.com\/index.php\/wp-json\/wp\/v2\/users\/1"}],"replies":[{"embeddable":true,"href":"http:\/\/richardjacksongallery.com\/index.php\/wp-json\/wp\/v2\/comments?post=218"}],"version-history":[{"count":8,"href":"http:\/\/richardjacksongallery.com\/index.php\/wp-json\/wp\/v2\/pages\/218\/revisions"}],"predecessor-version":[{"id":233,"href":"http:\/\/richardjacksongallery.com\/index.php\/wp-json\/wp\/v2\/pages\/218\/revisions\/233"}],"wp:attachment":[{"href":"http:\/\/richardjacksongallery.com\/index.php\/wp-json\/wp\/v2\/media?parent=218"}],"curies":[{"name":"wp","href":"https:\/\/api.w.org\/{rel}","templated":true}]}}